{"id":98941,"date":"2025-04-02T14:08:15","date_gmt":"2025-04-02T12:08:15","guid":{"rendered":"https:\/\/www.littlegreenbox.be\/?post_type=product&#038;p=98941"},"modified":"2025-04-02T14:38:01","modified_gmt":"2025-04-02T12:38:01","slug":"penne-met-lentepesto-en-spek-met-balsamicoazijn-copy","status":"publish","type":"product","link":"https:\/\/www.littlegreenbox.be\/nl\/produit\/penne-met-lentepesto-en-spek-met-balsamicoazijn-copy\/","title":{"rendered":"Bolognesesaus"},"content":{"rendered":"<p style=\"text-align: center;\"><strong>Ingredi\u00ebnten<\/strong><\/p>\n<p style=\"text-align: center;\">Varkens- en rundgehakt | Gepelde tomaten | Uien | Knoflook | Wortelen | Tijm<\/p>\n","protected":false},"excerpt":{"rendered":"<p>Ingredi\u00ebnten Varkens- en rundgehakt | Gepelde tomaten | Uien | Knoflook | Wortelen | Tijm<\/p>\n","protected":false},"featured_media":97747,"template":"","meta":{"_acf_changed":false},"product_brand":[],"product_cat":[3454],"product_tag":[3364],"class_list":{"0":"post-98941","1":"product","2":"type-product","3":"status-publish","4":"has-post-thumbnail","6":"product_cat-off-line-bereide-gerechten","7":"product_tag-plat-prepare-nl","9":"first","10":"outofstock","11":"taxable","12":"shipping-taxable","13":"purchasable","14":"product-type-simple"},"acf":[],"yoast_head":"<!-- This site is optimized with the Yoast SEO plugin v26.1.1 - https:\/\/yoast.com\/wordpress\/plugins\/seo\/ -->\n<title>Bolognesesaus - Little Green Box<\/title>\n<meta name=\"robots\" content=\"index, follow, max-snippet:-1, max-image-preview:large, max-video-preview:-1\" \/>\n<link rel=\"canonical\" href=\"https:\/\/www.littlegreenbox.be\/nl\/produit\/penne-met-lentepesto-en-spek-met-balsamicoazijn-copy\/\" \/>\n<meta property=\"og:locale\" content=\"nl_NL\" \/>\n<meta property=\"og:type\" content=\"article\" \/>\n<meta property=\"og:title\" content=\"Bolognesesaus - Little Green Box\" \/>\n<meta property=\"og:description\" content=\"Ingredi\u00ebnten Varkens- en rundgehakt | Gepelde tomaten | Uien | Knoflook | Wortelen | Tijm\" \/>\n<meta property=\"og:url\" content=\"https:\/\/www.littlegreenbox.be\/nl\/produit\/penne-met-lentepesto-en-spek-met-balsamicoazijn-copy\/\" \/>\n<meta property=\"og:site_name\" content=\"Little Green Box\" \/>\n<meta property=\"article:modified_time\" content=\"2025-04-02T12:38:01+00:00\" \/>\n<meta property=\"og:image\" content=\"https:\/\/www.littlegreenbox.be\/wp-content\/uploads\/2025\/02\/weck-carne-2.png\" \/>\n\t<meta property=\"og:image:width\" content=\"2000\" \/>\n\t<meta property=\"og:image:height\" content=\"2000\" \/>\n\t<meta property=\"og:image:type\" content=\"image\/png\" \/>\n<meta name=\"twitter:card\" content=\"summary_large_image\" \/>\n<script type=\"application\/ld+json\" class=\"yoast-schema-graph\">{\"@context\":\"https:\/\/schema.org\",\"@graph\":[{\"@type\":\"WebPage\",\"@id\":\"https:\/\/www.littlegreenbox.be\/nl\/produit\/penne-met-lentepesto-en-spek-met-balsamicoazijn-copy\/\",\"url\":\"https:\/\/www.littlegreenbox.be\/nl\/produit\/penne-met-lentepesto-en-spek-met-balsamicoazijn-copy\/\",\"name\":\"Bolognesesaus - Little Green Box\",\"isPartOf\":{\"@id\":\"https:\/\/www.littlegreenbox.be\/nl\/#website\"},\"primaryImageOfPage\":{\"@id\":\"https:\/\/www.littlegreenbox.be\/nl\/produit\/penne-met-lentepesto-en-spek-met-balsamicoazijn-copy\/#primaryimage\"},\"image\":{\"@id\":\"https:\/\/www.littlegreenbox.be\/nl\/produit\/penne-met-lentepesto-en-spek-met-balsamicoazijn-copy\/#primaryimage\"},\"thumbnailUrl\":\"https:\/\/www.littlegreenbox.be\/wp-content\/uploads\/2025\/02\/weck-carne-2.png\",\"datePublished\":\"2025-04-02T12:08:15+00:00\",\"dateModified\":\"2025-04-02T12:38:01+00:00\",\"breadcrumb\":{\"@id\":\"https:\/\/www.littlegreenbox.be\/nl\/produit\/penne-met-lentepesto-en-spek-met-balsamicoazijn-copy\/#breadcrumb\"},\"inLanguage\":\"nl-NL\",\"potentialAction\":[{\"@type\":\"ReadAction\",\"target\":[\"https:\/\/www.littlegreenbox.be\/nl\/produit\/penne-met-lentepesto-en-spek-met-balsamicoazijn-copy\/\"]}]},{\"@type\":\"ImageObject\",\"inLanguage\":\"nl-NL\",\"@id\":\"https:\/\/www.littlegreenbox.be\/nl\/produit\/penne-met-lentepesto-en-spek-met-balsamicoazijn-copy\/#primaryimage\",\"url\":\"https:\/\/www.littlegreenbox.be\/wp-content\/uploads\/2025\/02\/weck-carne-2.png\",\"contentUrl\":\"https:\/\/www.littlegreenbox.be\/wp-content\/uploads\/2025\/02\/weck-carne-2.png\",\"width\":2000,\"height\":2000},{\"@type\":\"BreadcrumbList\",\"@id\":\"https:\/\/www.littlegreenbox.be\/nl\/produit\/penne-met-lentepesto-en-spek-met-balsamicoazijn-copy\/#breadcrumb\",\"itemListElement\":[{\"@type\":\"ListItem\",\"position\":1,\"name\":\"Accueil\",\"item\":\"https:\/\/www.littlegreenbox.be\/nl\/\"},{\"@type\":\"ListItem\",\"position\":2,\"name\":\"Producten\",\"item\":\"https:\/\/www.littlegreenbox.be\/nl\/shop\/\"},{\"@type\":\"ListItem\",\"position\":3,\"name\":\"Bolognesesaus\"}]},{\"@type\":\"WebSite\",\"@id\":\"https:\/\/www.littlegreenbox.be\/nl\/#website\",\"url\":\"https:\/\/www.littlegreenbox.be\/nl\/\",\"name\":\"Little Green Box\",\"description\":\"La bo\u00eete repas 100% bio, locale et z\u00e9ro d\u00e9chet !\",\"potentialAction\":[{\"@type\":\"SearchAction\",\"target\":{\"@type\":\"EntryPoint\",\"urlTemplate\":\"https:\/\/www.littlegreenbox.be\/nl\/?s={search_term_string}\"},\"query-input\":{\"@type\":\"PropertyValueSpecification\",\"valueRequired\":true,\"valueName\":\"search_term_string\"}}],\"inLanguage\":\"nl-NL\"}]}<\/script>\n<!-- \/ Yoast SEO plugin. -->","yoast_head_json":{"title":"Bolognesesaus - Little Green Box","robots":{"index":"index","follow":"follow","max-snippet":"max-snippet:-1","max-image-preview":"max-image-preview:large","max-video-preview":"max-video-preview:-1"},"canonical":"https:\/\/www.littlegreenbox.be\/nl\/produit\/penne-met-lentepesto-en-spek-met-balsamicoazijn-copy\/","og_locale":"nl_NL","og_type":"article","og_title":"Bolognesesaus - Little Green Box","og_description":"Ingredi\u00ebnten Varkens- en rundgehakt | Gepelde tomaten | Uien | Knoflook | Wortelen | Tijm","og_url":"https:\/\/www.littlegreenbox.be\/nl\/produit\/penne-met-lentepesto-en-spek-met-balsamicoazijn-copy\/","og_site_name":"Little Green Box","article_modified_time":"2025-04-02T12:38:01+00:00","og_image":[{"width":2000,"height":2000,"url":"https:\/\/www.littlegreenbox.be\/wp-content\/uploads\/2025\/02\/weck-carne-2.png","type":"image\/png"}],"twitter_card":"summary_large_image","schema":{"@context":"https:\/\/schema.org","@graph":[{"@type":"WebPage","@id":"https:\/\/www.littlegreenbox.be\/nl\/produit\/penne-met-lentepesto-en-spek-met-balsamicoazijn-copy\/","url":"https:\/\/www.littlegreenbox.be\/nl\/produit\/penne-met-lentepesto-en-spek-met-balsamicoazijn-copy\/","name":"Bolognesesaus - Little Green Box","isPartOf":{"@id":"https:\/\/www.littlegreenbox.be\/nl\/#website"},"primaryImageOfPage":{"@id":"https:\/\/www.littlegreenbox.be\/nl\/produit\/penne-met-lentepesto-en-spek-met-balsamicoazijn-copy\/#primaryimage"},"image":{"@id":"https:\/\/www.littlegreenbox.be\/nl\/produit\/penne-met-lentepesto-en-spek-met-balsamicoazijn-copy\/#primaryimage"},"thumbnailUrl":"https:\/\/www.littlegreenbox.be\/wp-content\/uploads\/2025\/02\/weck-carne-2.png","datePublished":"2025-04-02T12:08:15+00:00","dateModified":"2025-04-02T12:38:01+00:00","breadcrumb":{"@id":"https:\/\/www.littlegreenbox.be\/nl\/produit\/penne-met-lentepesto-en-spek-met-balsamicoazijn-copy\/#breadcrumb"},"inLanguage":"nl-NL","potentialAction":[{"@type":"ReadAction","target":["https:\/\/www.littlegreenbox.be\/nl\/produit\/penne-met-lentepesto-en-spek-met-balsamicoazijn-copy\/"]}]},{"@type":"ImageObject","inLanguage":"nl-NL","@id":"https:\/\/www.littlegreenbox.be\/nl\/produit\/penne-met-lentepesto-en-spek-met-balsamicoazijn-copy\/#primaryimage","url":"https:\/\/www.littlegreenbox.be\/wp-content\/uploads\/2025\/02\/weck-carne-2.png","contentUrl":"https:\/\/www.littlegreenbox.be\/wp-content\/uploads\/2025\/02\/weck-carne-2.png","width":2000,"height":2000},{"@type":"BreadcrumbList","@id":"https:\/\/www.littlegreenbox.be\/nl\/produit\/penne-met-lentepesto-en-spek-met-balsamicoazijn-copy\/#breadcrumb","itemListElement":[{"@type":"ListItem","position":1,"name":"Accueil","item":"https:\/\/www.littlegreenbox.be\/nl\/"},{"@type":"ListItem","position":2,"name":"Producten","item":"https:\/\/www.littlegreenbox.be\/nl\/shop\/"},{"@type":"ListItem","position":3,"name":"Bolognesesaus"}]},{"@type":"WebSite","@id":"https:\/\/www.littlegreenbox.be\/nl\/#website","url":"https:\/\/www.littlegreenbox.be\/nl\/","name":"Little Green Box","description":"La bo\u00eete repas 100% bio, locale et z\u00e9ro d\u00e9chet !","potentialAction":[{"@type":"SearchAction","target":{"@type":"EntryPoint","urlTemplate":"https:\/\/www.littlegreenbox.be\/nl\/?s={search_term_string}"},"query-input":{"@type":"PropertyValueSpecification","valueRequired":true,"valueName":"search_term_string"}}],"inLanguage":"nl-NL"}]}},"_links":{"self":[{"href":"https:\/\/www.littlegreenbox.be\/nl\/wp-json\/wp\/v2\/product\/98941","targetHints":{"allow":["GET"]}}],"collection":[{"href":"https:\/\/www.littlegreenbox.be\/nl\/wp-json\/wp\/v2\/product"}],"about":[{"href":"https:\/\/www.littlegreenbox.be\/nl\/wp-json\/wp\/v2\/types\/product"}],"wp:featuredmedia":[{"embeddable":true,"href":"https:\/\/www.littlegreenbox.be\/nl\/wp-json\/wp\/v2\/media\/97747"}],"wp:attachment":[{"href":"https:\/\/www.littlegreenbox.be\/nl\/wp-json\/wp\/v2\/media?parent=98941"}],"wp:term":[{"taxonomy":"product_brand","embeddable":true,"href":"https:\/\/www.littlegreenbox.be\/nl\/wp-json\/wp\/v2\/product_brand?post=98941"},{"taxonomy":"product_cat","embeddable":true,"href":"https:\/\/www.littlegreenbox.be\/nl\/wp-json\/wp\/v2\/product_cat?post=98941"},{"taxonomy":"product_tag","embeddable":true,"href":"https:\/\/www.littlegreenbox.be\/nl\/wp-json\/wp\/v2\/product_tag?post=98941"}],"curies":[{"name":"wp","href":"https:\/\/api.w.org\/{rel}","templated":true}]}}