{"id":97093,"date":"2025-01-28T14:38:10","date_gmt":"2025-01-28T13:38:10","guid":{"rendered":"https:\/\/www.littlegreenbox.be\/?post_type=product&#038;p=97093"},"modified":"2025-01-29T09:17:22","modified_gmt":"2025-01-29T08:17:22","slug":"vlaams-stoofpotje-en-gebraden-knolselderij-copie-copie-copie-copie-copie-copie-copie-copie-copie-copie-copie-copie-copie-copie-copie-copie-copie-copie-copie-copi-17","status":"publish","type":"product","link":"https:\/\/www.littlegreenbox.be\/nl\/produit\/vlaams-stoofpotje-en-gebraden-knolselderij-copie-copie-copie-copie-copie-copie-copie-copie-copie-copie-copie-copie-copie-copie-copie-copie-copie-copie-copie-copi-17\/","title":{"rendered":"Aziatisch roergebakken quinoa"},"content":{"rendered":"<p>Bereid gerecht: Gesauteerde quinoa in Aziatische stijl<\/p>\n","protected":false},"excerpt":{"rendered":"<p>Bereid gerecht: Gesauteerde quinoa in Aziatische stijl<\/p>\n","protected":false},"featured_media":0,"template":"","meta":{"_acf_changed":false},"product_brand":[],"product_cat":[3454],"product_tag":[3414,3364],"class_list":{"0":"post-97093","1":"product","2":"type-product","3":"status-publish","5":"product_cat-off-line-bereide-gerechten","6":"product_tag-allergene-soja-nl","7":"product_tag-plat-prepare-nl","9":"first","10":"instock","11":"taxable","12":"shipping-taxable","13":"purchasable","14":"product-type-simple"},"acf":[],"yoast_head":"<!-- This site is optimized with the Yoast SEO plugin v26.1.1 - https:\/\/yoast.com\/wordpress\/plugins\/seo\/ -->\n<title>Aziatisch roergebakken quinoa - Little Green Box<\/title>\n<meta name=\"robots\" content=\"index, follow, max-snippet:-1, max-image-preview:large, max-video-preview:-1\" \/>\n<link rel=\"canonical\" href=\"https:\/\/www.littlegreenbox.be\/nl\/produit\/vlaams-stoofpotje-en-gebraden-knolselderij-copie-copie-copie-copie-copie-copie-copie-copie-copie-copie-copie-copie-copie-copie-copie-copie-copie-copie-copie-copi-17\/\" \/>\n<meta property=\"og:locale\" content=\"nl_NL\" \/>\n<meta property=\"og:type\" content=\"article\" \/>\n<meta property=\"og:title\" content=\"Aziatisch roergebakken quinoa - Little Green Box\" \/>\n<meta property=\"og:description\" content=\"Bereid gerecht: Gesauteerde quinoa in Aziatische stijl\" \/>\n<meta property=\"og:url\" content=\"https:\/\/www.littlegreenbox.be\/nl\/produit\/vlaams-stoofpotje-en-gebraden-knolselderij-copie-copie-copie-copie-copie-copie-copie-copie-copie-copie-copie-copie-copie-copie-copie-copie-copie-copie-copie-copi-17\/\" \/>\n<meta property=\"og:site_name\" content=\"Little Green Box\" \/>\n<meta property=\"article:modified_time\" content=\"2025-01-29T08:17:22+00:00\" \/>\n<meta name=\"twitter:card\" content=\"summary_large_image\" \/>\n<script type=\"application\/ld+json\" class=\"yoast-schema-graph\">{\"@context\":\"https:\/\/schema.org\",\"@graph\":[{\"@type\":\"WebPage\",\"@id\":\"https:\/\/www.littlegreenbox.be\/nl\/produit\/vlaams-stoofpotje-en-gebraden-knolselderij-copie-copie-copie-copie-copie-copie-copie-copie-copie-copie-copie-copie-copie-copie-copie-copie-copie-copie-copie-copi-17\/\",\"url\":\"https:\/\/www.littlegreenbox.be\/nl\/produit\/vlaams-stoofpotje-en-gebraden-knolselderij-copie-copie-copie-copie-copie-copie-copie-copie-copie-copie-copie-copie-copie-copie-copie-copie-copie-copie-copie-copi-17\/\",\"name\":\"Aziatisch roergebakken quinoa - Little Green Box\",\"isPartOf\":{\"@id\":\"https:\/\/www.littlegreenbox.be\/nl\/#website\"},\"datePublished\":\"2025-01-28T13:38:10+00:00\",\"dateModified\":\"2025-01-29T08:17:22+00:00\",\"breadcrumb\":{\"@id\":\"https:\/\/www.littlegreenbox.be\/nl\/produit\/vlaams-stoofpotje-en-gebraden-knolselderij-copie-copie-copie-copie-copie-copie-copie-copie-copie-copie-copie-copie-copie-copie-copie-copie-copie-copie-copie-copi-17\/#breadcrumb\"},\"inLanguage\":\"nl-NL\",\"potentialAction\":[{\"@type\":\"ReadAction\",\"target\":[\"https:\/\/www.littlegreenbox.be\/nl\/produit\/vlaams-stoofpotje-en-gebraden-knolselderij-copie-copie-copie-copie-copie-copie-copie-copie-copie-copie-copie-copie-copie-copie-copie-copie-copie-copie-copie-copi-17\/\"]}]},{\"@type\":\"BreadcrumbList\",\"@id\":\"https:\/\/www.littlegreenbox.be\/nl\/produit\/vlaams-stoofpotje-en-gebraden-knolselderij-copie-copie-copie-copie-copie-copie-copie-copie-copie-copie-copie-copie-copie-copie-copie-copie-copie-copie-copie-copi-17\/#breadcrumb\",\"itemListElement\":[{\"@type\":\"ListItem\",\"position\":1,\"name\":\"Accueil\",\"item\":\"https:\/\/www.littlegreenbox.be\/nl\/\"},{\"@type\":\"ListItem\",\"position\":2,\"name\":\"Producten\",\"item\":\"https:\/\/www.littlegreenbox.be\/nl\/shop\/\"},{\"@type\":\"ListItem\",\"position\":3,\"name\":\"Aziatisch roergebakken quinoa\"}]},{\"@type\":\"WebSite\",\"@id\":\"https:\/\/www.littlegreenbox.be\/nl\/#website\",\"url\":\"https:\/\/www.littlegreenbox.be\/nl\/\",\"name\":\"Little Green Box\",\"description\":\"La bo\u00eete repas 100% bio, locale et z\u00e9ro d\u00e9chet !\",\"potentialAction\":[{\"@type\":\"SearchAction\",\"target\":{\"@type\":\"EntryPoint\",\"urlTemplate\":\"https:\/\/www.littlegreenbox.be\/nl\/?s={search_term_string}\"},\"query-input\":{\"@type\":\"PropertyValueSpecification\",\"valueRequired\":true,\"valueName\":\"search_term_string\"}}],\"inLanguage\":\"nl-NL\"}]}<\/script>\n<!-- \/ Yoast SEO plugin. -->","yoast_head_json":{"title":"Aziatisch roergebakken quinoa - Little Green Box","robots":{"index":"index","follow":"follow","max-snippet":"max-snippet:-1","max-image-preview":"max-image-preview:large","max-video-preview":"max-video-preview:-1"},"canonical":"https:\/\/www.littlegreenbox.be\/nl\/produit\/vlaams-stoofpotje-en-gebraden-knolselderij-copie-copie-copie-copie-copie-copie-copie-copie-copie-copie-copie-copie-copie-copie-copie-copie-copie-copie-copie-copi-17\/","og_locale":"nl_NL","og_type":"article","og_title":"Aziatisch roergebakken quinoa - Little Green Box","og_description":"Bereid gerecht: Gesauteerde quinoa in Aziatische stijl","og_url":"https:\/\/www.littlegreenbox.be\/nl\/produit\/vlaams-stoofpotje-en-gebraden-knolselderij-copie-copie-copie-copie-copie-copie-copie-copie-copie-copie-copie-copie-copie-copie-copie-copie-copie-copie-copie-copi-17\/","og_site_name":"Little Green Box","article_modified_time":"2025-01-29T08:17:22+00:00","twitter_card":"summary_large_image","schema":{"@context":"https:\/\/schema.org","@graph":[{"@type":"WebPage","@id":"https:\/\/www.littlegreenbox.be\/nl\/produit\/vlaams-stoofpotje-en-gebraden-knolselderij-copie-copie-copie-copie-copie-copie-copie-copie-copie-copie-copie-copie-copie-copie-copie-copie-copie-copie-copie-copi-17\/","url":"https:\/\/www.littlegreenbox.be\/nl\/produit\/vlaams-stoofpotje-en-gebraden-knolselderij-copie-copie-copie-copie-copie-copie-copie-copie-copie-copie-copie-copie-copie-copie-copie-copie-copie-copie-copie-copi-17\/","name":"Aziatisch roergebakken quinoa - Little Green Box","isPartOf":{"@id":"https:\/\/www.littlegreenbox.be\/nl\/#website"},"datePublished":"2025-01-28T13:38:10+00:00","dateModified":"2025-01-29T08:17:22+00:00","breadcrumb":{"@id":"https:\/\/www.littlegreenbox.be\/nl\/produit\/vlaams-stoofpotje-en-gebraden-knolselderij-copie-copie-copie-copie-copie-copie-copie-copie-copie-copie-copie-copie-copie-copie-copie-copie-copie-copie-copie-copi-17\/#breadcrumb"},"inLanguage":"nl-NL","potentialAction":[{"@type":"ReadAction","target":["https:\/\/www.littlegreenbox.be\/nl\/produit\/vlaams-stoofpotje-en-gebraden-knolselderij-copie-copie-copie-copie-copie-copie-copie-copie-copie-copie-copie-copie-copie-copie-copie-copie-copie-copie-copie-copi-17\/"]}]},{"@type":"BreadcrumbList","@id":"https:\/\/www.littlegreenbox.be\/nl\/produit\/vlaams-stoofpotje-en-gebraden-knolselderij-copie-copie-copie-copie-copie-copie-copie-copie-copie-copie-copie-copie-copie-copie-copie-copie-copie-copie-copie-copi-17\/#breadcrumb","itemListElement":[{"@type":"ListItem","position":1,"name":"Accueil","item":"https:\/\/www.littlegreenbox.be\/nl\/"},{"@type":"ListItem","position":2,"name":"Producten","item":"https:\/\/www.littlegreenbox.be\/nl\/shop\/"},{"@type":"ListItem","position":3,"name":"Aziatisch roergebakken quinoa"}]},{"@type":"WebSite","@id":"https:\/\/www.littlegreenbox.be\/nl\/#website","url":"https:\/\/www.littlegreenbox.be\/nl\/","name":"Little Green Box","description":"La bo\u00eete repas 100% bio, locale et z\u00e9ro d\u00e9chet !","potentialAction":[{"@type":"SearchAction","target":{"@type":"EntryPoint","urlTemplate":"https:\/\/www.littlegreenbox.be\/nl\/?s={search_term_string}"},"query-input":{"@type":"PropertyValueSpecification","valueRequired":true,"valueName":"search_term_string"}}],"inLanguage":"nl-NL"}]}},"_links":{"self":[{"href":"https:\/\/www.littlegreenbox.be\/nl\/wp-json\/wp\/v2\/product\/97093","targetHints":{"allow":["GET"]}}],"collection":[{"href":"https:\/\/www.littlegreenbox.be\/nl\/wp-json\/wp\/v2\/product"}],"about":[{"href":"https:\/\/www.littlegreenbox.be\/nl\/wp-json\/wp\/v2\/types\/product"}],"wp:attachment":[{"href":"https:\/\/www.littlegreenbox.be\/nl\/wp-json\/wp\/v2\/media?parent=97093"}],"wp:term":[{"taxonomy":"product_brand","embeddable":true,"href":"https:\/\/www.littlegreenbox.be\/nl\/wp-json\/wp\/v2\/product_brand?post=97093"},{"taxonomy":"product_cat","embeddable":true,"href":"https:\/\/www.littlegreenbox.be\/nl\/wp-json\/wp\/v2\/product_cat?post=97093"},{"taxonomy":"product_tag","embeddable":true,"href":"https:\/\/www.littlegreenbox.be\/nl\/wp-json\/wp\/v2\/product_tag?post=97093"}],"curies":[{"name":"wp","href":"https:\/\/api.w.org\/{rel}","templated":true}]}}