{"id":94407,"date":"2024-10-18T13:23:44","date_gmt":"2024-10-18T11:23:44","guid":{"rendered":"https:\/\/www.littlegreenbox.be\/?post_type=product&#038;p=94407"},"modified":"2024-10-18T13:27:06","modified_gmt":"2024-10-18T11:27:06","slug":"pumpkin-pie-copie-2","status":"publish","type":"product","link":"https:\/\/www.littlegreenbox.be\/nl\/produit\/pumpkin-pie-copie-2\/","title":{"rendered":"Appeltaart"},"content":{"rendered":"<p><img decoding=\"async\" class=\"alignnone size-medium wp-image-94102\" src=\"https:\/\/www.littlegreenbox.be\/wp-content\/uploads\/2024\/10\/IMG_4444-200x300.jpeg\" alt=\"\" width=\"200\" height=\"300\" srcset=\"https:\/\/www.littlegreenbox.be\/wp-content\/uploads\/2024\/10\/IMG_4444-200x300.jpeg 200w, https:\/\/www.littlegreenbox.be\/wp-content\/uploads\/2024\/10\/IMG_4444-683x1024.jpeg 683w, https:\/\/www.littlegreenbox.be\/wp-content\/uploads\/2024\/10\/IMG_4444-768x1152.jpeg 768w, https:\/\/www.littlegreenbox.be\/wp-content\/uploads\/2024\/10\/IMG_4444-1024x1536.jpeg 1024w, https:\/\/www.littlegreenbox.be\/wp-content\/uploads\/2024\/10\/IMG_4444-1365x2048.jpeg 1365w, https:\/\/www.littlegreenbox.be\/wp-content\/uploads\/2024\/10\/IMG_4444-600x900.jpeg 600w, https:\/\/www.littlegreenbox.be\/wp-content\/uploads\/2024\/10\/IMG_4444-scaled.jpeg 1707w\" sizes=\"(max-width: 200px) 100vw, 200px\" \/><\/p>\n","protected":false},"excerpt":{"rendered":"","protected":false},"featured_media":94424,"template":"","meta":{"_acf_changed":false},"product_brand":[],"product_cat":[3454],"product_tag":[3407,3409,3364],"class_list":{"0":"post-94407","1":"product","2":"type-product","3":"status-publish","4":"has-post-thumbnail","6":"product_cat-off-line-bereide-gerechten","7":"product_tag-allergene-gluten-nl","8":"product_tag-allergene-oeuf-nl","9":"product_tag-plat-prepare-nl","11":"first","12":"instock","13":"taxable","14":"shipping-taxable","15":"purchasable","16":"product-type-simple"},"acf":[],"yoast_head":"<!-- This site is optimized with the Yoast SEO plugin v26.1.1 - https:\/\/yoast.com\/wordpress\/plugins\/seo\/ -->\n<title>Appeltaart - Little Green Box<\/title>\n<meta name=\"robots\" content=\"index, follow, max-snippet:-1, max-image-preview:large, max-video-preview:-1\" \/>\n<link rel=\"canonical\" href=\"https:\/\/www.littlegreenbox.be\/nl\/produit\/pumpkin-pie-copie-2\/\" \/>\n<meta property=\"og:locale\" content=\"nl_NL\" \/>\n<meta property=\"og:type\" content=\"article\" \/>\n<meta property=\"og:title\" content=\"Appeltaart - Little Green Box\" \/>\n<meta property=\"og:url\" content=\"https:\/\/www.littlegreenbox.be\/nl\/produit\/pumpkin-pie-copie-2\/\" \/>\n<meta property=\"og:site_name\" content=\"Little Green Box\" \/>\n<meta property=\"article:modified_time\" content=\"2024-10-18T11:27:06+00:00\" \/>\n<meta property=\"og:image\" content=\"https:\/\/www.littlegreenbox.be\/wp-content\/uploads\/2024\/10\/IMG_4444-scaled.jpeg\" \/>\n\t<meta property=\"og:image:width\" content=\"1707\" \/>\n\t<meta property=\"og:image:height\" content=\"2560\" \/>\n\t<meta property=\"og:image:type\" content=\"image\/jpeg\" \/>\n<meta name=\"twitter:card\" content=\"summary_large_image\" \/>\n<script type=\"application\/ld+json\" class=\"yoast-schema-graph\">{\"@context\":\"https:\/\/schema.org\",\"@graph\":[{\"@type\":\"WebPage\",\"@id\":\"https:\/\/www.littlegreenbox.be\/nl\/produit\/pumpkin-pie-copie-2\/\",\"url\":\"https:\/\/www.littlegreenbox.be\/nl\/produit\/pumpkin-pie-copie-2\/\",\"name\":\"Appeltaart - Little Green Box\",\"isPartOf\":{\"@id\":\"https:\/\/www.littlegreenbox.be\/nl\/#website\"},\"primaryImageOfPage\":{\"@id\":\"https:\/\/www.littlegreenbox.be\/nl\/produit\/pumpkin-pie-copie-2\/#primaryimage\"},\"image\":{\"@id\":\"https:\/\/www.littlegreenbox.be\/nl\/produit\/pumpkin-pie-copie-2\/#primaryimage\"},\"thumbnailUrl\":\"https:\/\/www.littlegreenbox.be\/wp-content\/uploads\/2024\/10\/IMG_4950.webp\",\"datePublished\":\"2024-10-18T11:23:44+00:00\",\"dateModified\":\"2024-10-18T11:27:06+00:00\",\"breadcrumb\":{\"@id\":\"https:\/\/www.littlegreenbox.be\/nl\/produit\/pumpkin-pie-copie-2\/#breadcrumb\"},\"inLanguage\":\"nl-NL\",\"potentialAction\":[{\"@type\":\"ReadAction\",\"target\":[\"https:\/\/www.littlegreenbox.be\/nl\/produit\/pumpkin-pie-copie-2\/\"]}]},{\"@type\":\"ImageObject\",\"inLanguage\":\"nl-NL\",\"@id\":\"https:\/\/www.littlegreenbox.be\/nl\/produit\/pumpkin-pie-copie-2\/#primaryimage\",\"url\":\"https:\/\/www.littlegreenbox.be\/wp-content\/uploads\/2024\/10\/IMG_4950.webp\",\"contentUrl\":\"https:\/\/www.littlegreenbox.be\/wp-content\/uploads\/2024\/10\/IMG_4950.webp\",\"width\":750,\"height\":500},{\"@type\":\"BreadcrumbList\",\"@id\":\"https:\/\/www.littlegreenbox.be\/nl\/produit\/pumpkin-pie-copie-2\/#breadcrumb\",\"itemListElement\":[{\"@type\":\"ListItem\",\"position\":1,\"name\":\"Accueil\",\"item\":\"https:\/\/www.littlegreenbox.be\/nl\/\"},{\"@type\":\"ListItem\",\"position\":2,\"name\":\"Producten\",\"item\":\"https:\/\/www.littlegreenbox.be\/nl\/shop\/\"},{\"@type\":\"ListItem\",\"position\":3,\"name\":\"Appeltaart\"}]},{\"@type\":\"WebSite\",\"@id\":\"https:\/\/www.littlegreenbox.be\/nl\/#website\",\"url\":\"https:\/\/www.littlegreenbox.be\/nl\/\",\"name\":\"Little Green Box\",\"description\":\"La bo\u00eete repas 100% bio, locale et z\u00e9ro d\u00e9chet !\",\"potentialAction\":[{\"@type\":\"SearchAction\",\"target\":{\"@type\":\"EntryPoint\",\"urlTemplate\":\"https:\/\/www.littlegreenbox.be\/nl\/?s={search_term_string}\"},\"query-input\":{\"@type\":\"PropertyValueSpecification\",\"valueRequired\":true,\"valueName\":\"search_term_string\"}}],\"inLanguage\":\"nl-NL\"}]}<\/script>\n<!-- \/ Yoast SEO plugin. -->","yoast_head_json":{"title":"Appeltaart - Little Green Box","robots":{"index":"index","follow":"follow","max-snippet":"max-snippet:-1","max-image-preview":"max-image-preview:large","max-video-preview":"max-video-preview:-1"},"canonical":"https:\/\/www.littlegreenbox.be\/nl\/produit\/pumpkin-pie-copie-2\/","og_locale":"nl_NL","og_type":"article","og_title":"Appeltaart - Little Green Box","og_url":"https:\/\/www.littlegreenbox.be\/nl\/produit\/pumpkin-pie-copie-2\/","og_site_name":"Little Green Box","article_modified_time":"2024-10-18T11:27:06+00:00","og_image":[{"width":1707,"height":2560,"url":"https:\/\/www.littlegreenbox.be\/wp-content\/uploads\/2024\/10\/IMG_4444-scaled.jpeg","type":"image\/jpeg"}],"twitter_card":"summary_large_image","schema":{"@context":"https:\/\/schema.org","@graph":[{"@type":"WebPage","@id":"https:\/\/www.littlegreenbox.be\/nl\/produit\/pumpkin-pie-copie-2\/","url":"https:\/\/www.littlegreenbox.be\/nl\/produit\/pumpkin-pie-copie-2\/","name":"Appeltaart - Little Green Box","isPartOf":{"@id":"https:\/\/www.littlegreenbox.be\/nl\/#website"},"primaryImageOfPage":{"@id":"https:\/\/www.littlegreenbox.be\/nl\/produit\/pumpkin-pie-copie-2\/#primaryimage"},"image":{"@id":"https:\/\/www.littlegreenbox.be\/nl\/produit\/pumpkin-pie-copie-2\/#primaryimage"},"thumbnailUrl":"https:\/\/www.littlegreenbox.be\/wp-content\/uploads\/2024\/10\/IMG_4950.webp","datePublished":"2024-10-18T11:23:44+00:00","dateModified":"2024-10-18T11:27:06+00:00","breadcrumb":{"@id":"https:\/\/www.littlegreenbox.be\/nl\/produit\/pumpkin-pie-copie-2\/#breadcrumb"},"inLanguage":"nl-NL","potentialAction":[{"@type":"ReadAction","target":["https:\/\/www.littlegreenbox.be\/nl\/produit\/pumpkin-pie-copie-2\/"]}]},{"@type":"ImageObject","inLanguage":"nl-NL","@id":"https:\/\/www.littlegreenbox.be\/nl\/produit\/pumpkin-pie-copie-2\/#primaryimage","url":"https:\/\/www.littlegreenbox.be\/wp-content\/uploads\/2024\/10\/IMG_4950.webp","contentUrl":"https:\/\/www.littlegreenbox.be\/wp-content\/uploads\/2024\/10\/IMG_4950.webp","width":750,"height":500},{"@type":"BreadcrumbList","@id":"https:\/\/www.littlegreenbox.be\/nl\/produit\/pumpkin-pie-copie-2\/#breadcrumb","itemListElement":[{"@type":"ListItem","position":1,"name":"Accueil","item":"https:\/\/www.littlegreenbox.be\/nl\/"},{"@type":"ListItem","position":2,"name":"Producten","item":"https:\/\/www.littlegreenbox.be\/nl\/shop\/"},{"@type":"ListItem","position":3,"name":"Appeltaart"}]},{"@type":"WebSite","@id":"https:\/\/www.littlegreenbox.be\/nl\/#website","url":"https:\/\/www.littlegreenbox.be\/nl\/","name":"Little Green Box","description":"La bo\u00eete repas 100% bio, locale et z\u00e9ro d\u00e9chet !","potentialAction":[{"@type":"SearchAction","target":{"@type":"EntryPoint","urlTemplate":"https:\/\/www.littlegreenbox.be\/nl\/?s={search_term_string}"},"query-input":{"@type":"PropertyValueSpecification","valueRequired":true,"valueName":"search_term_string"}}],"inLanguage":"nl-NL"}]}},"_links":{"self":[{"href":"https:\/\/www.littlegreenbox.be\/nl\/wp-json\/wp\/v2\/product\/94407","targetHints":{"allow":["GET"]}}],"collection":[{"href":"https:\/\/www.littlegreenbox.be\/nl\/wp-json\/wp\/v2\/product"}],"about":[{"href":"https:\/\/www.littlegreenbox.be\/nl\/wp-json\/wp\/v2\/types\/product"}],"wp:featuredmedia":[{"embeddable":true,"href":"https:\/\/www.littlegreenbox.be\/nl\/wp-json\/wp\/v2\/media\/94424"}],"wp:attachment":[{"href":"https:\/\/www.littlegreenbox.be\/nl\/wp-json\/wp\/v2\/media?parent=94407"}],"wp:term":[{"taxonomy":"product_brand","embeddable":true,"href":"https:\/\/www.littlegreenbox.be\/nl\/wp-json\/wp\/v2\/product_brand?post=94407"},{"taxonomy":"product_cat","embeddable":true,"href":"https:\/\/www.littlegreenbox.be\/nl\/wp-json\/wp\/v2\/product_cat?post=94407"},{"taxonomy":"product_tag","embeddable":true,"href":"https:\/\/www.littlegreenbox.be\/nl\/wp-json\/wp\/v2\/product_tag?post=94407"}],"curies":[{"name":"wp","href":"https:\/\/api.w.org\/{rel}","templated":true}]}}