{"id":94405,"date":"2024-10-18T13:18:05","date_gmt":"2024-10-18T11:18:05","guid":{"rendered":"https:\/\/www.littlegreenbox.be\/?post_type=product&#038;p=94405"},"modified":"2024-10-18T13:20:58","modified_gmt":"2024-10-18T11:20:58","slug":"quiche-met-boerenkool-en-ricotta-copie","status":"publish","type":"product","link":"https:\/\/www.littlegreenbox.be\/nl\/produit\/quiche-met-boerenkool-en-ricotta-copie\/","title":{"rendered":"Kefta &amp; rijst curry"},"content":{"rendered":"<p style=\"text-align: left;\"><span data-sheets-root=\"1\">Smash burger met worst, geroosterde bloemkool en pont neuf aardappelen <\/span><\/p>\n","protected":false},"excerpt":{"rendered":"<p>Smash burger met worst, geroosterde bloemkool en pont neuf aardappelen<\/p>\n","protected":false},"featured_media":94422,"template":"","meta":{"_acf_changed":false},"product_brand":[],"product_cat":[3454],"product_tag":[3364],"class_list":{"0":"post-94405","1":"product","2":"type-product","3":"status-publish","4":"has-post-thumbnail","6":"product_cat-off-line-bereide-gerechten","7":"product_tag-plat-prepare-nl","9":"first","10":"instock","11":"taxable","12":"shipping-taxable","13":"purchasable","14":"product-type-simple"},"acf":[],"yoast_head":"<!-- This site is optimized with the Yoast SEO plugin v26.1.1 - https:\/\/yoast.com\/wordpress\/plugins\/seo\/ -->\n<title>Kefta &amp; rijst curry - Little Green Box<\/title>\n<meta name=\"robots\" content=\"index, follow, max-snippet:-1, max-image-preview:large, max-video-preview:-1\" \/>\n<link rel=\"canonical\" href=\"https:\/\/www.littlegreenbox.be\/nl\/produit\/quiche-met-boerenkool-en-ricotta-copie\/\" \/>\n<meta property=\"og:locale\" content=\"nl_NL\" \/>\n<meta property=\"og:type\" content=\"article\" \/>\n<meta property=\"og:title\" content=\"Kefta &amp; rijst curry - Little Green Box\" \/>\n<meta property=\"og:description\" content=\"Smash burger met worst, geroosterde bloemkool en pont neuf aardappelen\" \/>\n<meta property=\"og:url\" content=\"https:\/\/www.littlegreenbox.be\/nl\/produit\/quiche-met-boerenkool-en-ricotta-copie\/\" \/>\n<meta property=\"og:site_name\" content=\"Little Green Box\" \/>\n<meta property=\"article:modified_time\" content=\"2024-10-18T11:20:58+00:00\" \/>\n<meta name=\"twitter:card\" content=\"summary_large_image\" \/>\n<script type=\"application\/ld+json\" class=\"yoast-schema-graph\">{\"@context\":\"https:\/\/schema.org\",\"@graph\":[{\"@type\":\"WebPage\",\"@id\":\"https:\/\/www.littlegreenbox.be\/nl\/produit\/quiche-met-boerenkool-en-ricotta-copie\/\",\"url\":\"https:\/\/www.littlegreenbox.be\/nl\/produit\/quiche-met-boerenkool-en-ricotta-copie\/\",\"name\":\"Kefta &amp; rijst curry - Little Green Box\",\"isPartOf\":{\"@id\":\"https:\/\/www.littlegreenbox.be\/nl\/#website\"},\"primaryImageOfPage\":{\"@id\":\"https:\/\/www.littlegreenbox.be\/nl\/produit\/quiche-met-boerenkool-en-ricotta-copie\/#primaryimage\"},\"image\":{\"@id\":\"https:\/\/www.littlegreenbox.be\/nl\/produit\/quiche-met-boerenkool-en-ricotta-copie\/#primaryimage\"},\"thumbnailUrl\":\"https:\/\/www.littlegreenbox.be\/wp-content\/uploads\/2024\/10\/IMG_4942.jpeg\",\"datePublished\":\"2024-10-18T11:18:05+00:00\",\"dateModified\":\"2024-10-18T11:20:58+00:00\",\"breadcrumb\":{\"@id\":\"https:\/\/www.littlegreenbox.be\/nl\/produit\/quiche-met-boerenkool-en-ricotta-copie\/#breadcrumb\"},\"inLanguage\":\"nl-NL\",\"potentialAction\":[{\"@type\":\"ReadAction\",\"target\":[\"https:\/\/www.littlegreenbox.be\/nl\/produit\/quiche-met-boerenkool-en-ricotta-copie\/\"]}]},{\"@type\":\"ImageObject\",\"inLanguage\":\"nl-NL\",\"@id\":\"https:\/\/www.littlegreenbox.be\/nl\/produit\/quiche-met-boerenkool-en-ricotta-copie\/#primaryimage\",\"url\":\"https:\/\/www.littlegreenbox.be\/wp-content\/uploads\/2024\/10\/IMG_4942.jpeg\",\"contentUrl\":\"https:\/\/www.littlegreenbox.be\/wp-content\/uploads\/2024\/10\/IMG_4942.jpeg\",\"width\":400,\"height\":500},{\"@type\":\"BreadcrumbList\",\"@id\":\"https:\/\/www.littlegreenbox.be\/nl\/produit\/quiche-met-boerenkool-en-ricotta-copie\/#breadcrumb\",\"itemListElement\":[{\"@type\":\"ListItem\",\"position\":1,\"name\":\"Accueil\",\"item\":\"https:\/\/www.littlegreenbox.be\/nl\/\"},{\"@type\":\"ListItem\",\"position\":2,\"name\":\"Producten\",\"item\":\"https:\/\/www.littlegreenbox.be\/nl\/shop\/\"},{\"@type\":\"ListItem\",\"position\":3,\"name\":\"Kefta &amp; rijst curry\"}]},{\"@type\":\"WebSite\",\"@id\":\"https:\/\/www.littlegreenbox.be\/nl\/#website\",\"url\":\"https:\/\/www.littlegreenbox.be\/nl\/\",\"name\":\"Little Green Box\",\"description\":\"La bo\u00eete repas 100% bio, locale et z\u00e9ro d\u00e9chet !\",\"potentialAction\":[{\"@type\":\"SearchAction\",\"target\":{\"@type\":\"EntryPoint\",\"urlTemplate\":\"https:\/\/www.littlegreenbox.be\/nl\/?s={search_term_string}\"},\"query-input\":{\"@type\":\"PropertyValueSpecification\",\"valueRequired\":true,\"valueName\":\"search_term_string\"}}],\"inLanguage\":\"nl-NL\"}]}<\/script>\n<!-- \/ Yoast SEO plugin. -->","yoast_head_json":{"title":"Kefta &amp; rijst curry - Little Green Box","robots":{"index":"index","follow":"follow","max-snippet":"max-snippet:-1","max-image-preview":"max-image-preview:large","max-video-preview":"max-video-preview:-1"},"canonical":"https:\/\/www.littlegreenbox.be\/nl\/produit\/quiche-met-boerenkool-en-ricotta-copie\/","og_locale":"nl_NL","og_type":"article","og_title":"Kefta &amp; rijst curry - Little Green Box","og_description":"Smash burger met worst, geroosterde bloemkool en pont neuf aardappelen","og_url":"https:\/\/www.littlegreenbox.be\/nl\/produit\/quiche-met-boerenkool-en-ricotta-copie\/","og_site_name":"Little Green Box","article_modified_time":"2024-10-18T11:20:58+00:00","twitter_card":"summary_large_image","schema":{"@context":"https:\/\/schema.org","@graph":[{"@type":"WebPage","@id":"https:\/\/www.littlegreenbox.be\/nl\/produit\/quiche-met-boerenkool-en-ricotta-copie\/","url":"https:\/\/www.littlegreenbox.be\/nl\/produit\/quiche-met-boerenkool-en-ricotta-copie\/","name":"Kefta &amp; rijst curry - Little Green Box","isPartOf":{"@id":"https:\/\/www.littlegreenbox.be\/nl\/#website"},"primaryImageOfPage":{"@id":"https:\/\/www.littlegreenbox.be\/nl\/produit\/quiche-met-boerenkool-en-ricotta-copie\/#primaryimage"},"image":{"@id":"https:\/\/www.littlegreenbox.be\/nl\/produit\/quiche-met-boerenkool-en-ricotta-copie\/#primaryimage"},"thumbnailUrl":"https:\/\/www.littlegreenbox.be\/wp-content\/uploads\/2024\/10\/IMG_4942.jpeg","datePublished":"2024-10-18T11:18:05+00:00","dateModified":"2024-10-18T11:20:58+00:00","breadcrumb":{"@id":"https:\/\/www.littlegreenbox.be\/nl\/produit\/quiche-met-boerenkool-en-ricotta-copie\/#breadcrumb"},"inLanguage":"nl-NL","potentialAction":[{"@type":"ReadAction","target":["https:\/\/www.littlegreenbox.be\/nl\/produit\/quiche-met-boerenkool-en-ricotta-copie\/"]}]},{"@type":"ImageObject","inLanguage":"nl-NL","@id":"https:\/\/www.littlegreenbox.be\/nl\/produit\/quiche-met-boerenkool-en-ricotta-copie\/#primaryimage","url":"https:\/\/www.littlegreenbox.be\/wp-content\/uploads\/2024\/10\/IMG_4942.jpeg","contentUrl":"https:\/\/www.littlegreenbox.be\/wp-content\/uploads\/2024\/10\/IMG_4942.jpeg","width":400,"height":500},{"@type":"BreadcrumbList","@id":"https:\/\/www.littlegreenbox.be\/nl\/produit\/quiche-met-boerenkool-en-ricotta-copie\/#breadcrumb","itemListElement":[{"@type":"ListItem","position":1,"name":"Accueil","item":"https:\/\/www.littlegreenbox.be\/nl\/"},{"@type":"ListItem","position":2,"name":"Producten","item":"https:\/\/www.littlegreenbox.be\/nl\/shop\/"},{"@type":"ListItem","position":3,"name":"Kefta &amp; rijst curry"}]},{"@type":"WebSite","@id":"https:\/\/www.littlegreenbox.be\/nl\/#website","url":"https:\/\/www.littlegreenbox.be\/nl\/","name":"Little Green Box","description":"La bo\u00eete repas 100% bio, locale et z\u00e9ro d\u00e9chet !","potentialAction":[{"@type":"SearchAction","target":{"@type":"EntryPoint","urlTemplate":"https:\/\/www.littlegreenbox.be\/nl\/?s={search_term_string}"},"query-input":{"@type":"PropertyValueSpecification","valueRequired":true,"valueName":"search_term_string"}}],"inLanguage":"nl-NL"}]}},"_links":{"self":[{"href":"https:\/\/www.littlegreenbox.be\/nl\/wp-json\/wp\/v2\/product\/94405","targetHints":{"allow":["GET"]}}],"collection":[{"href":"https:\/\/www.littlegreenbox.be\/nl\/wp-json\/wp\/v2\/product"}],"about":[{"href":"https:\/\/www.littlegreenbox.be\/nl\/wp-json\/wp\/v2\/types\/product"}],"wp:featuredmedia":[{"embeddable":true,"href":"https:\/\/www.littlegreenbox.be\/nl\/wp-json\/wp\/v2\/media\/94422"}],"wp:attachment":[{"href":"https:\/\/www.littlegreenbox.be\/nl\/wp-json\/wp\/v2\/media?parent=94405"}],"wp:term":[{"taxonomy":"product_brand","embeddable":true,"href":"https:\/\/www.littlegreenbox.be\/nl\/wp-json\/wp\/v2\/product_brand?post=94405"},{"taxonomy":"product_cat","embeddable":true,"href":"https:\/\/www.littlegreenbox.be\/nl\/wp-json\/wp\/v2\/product_cat?post=94405"},{"taxonomy":"product_tag","embeddable":true,"href":"https:\/\/www.littlegreenbox.be\/nl\/wp-json\/wp\/v2\/product_tag?post=94405"}],"curies":[{"name":"wp","href":"https:\/\/api.w.org\/{rel}","templated":true}]}}