{"id":93782,"date":"2024-09-27T15:55:33","date_gmt":"2024-09-27T13:55:33","guid":{"rendered":"https:\/\/www.littlegreenbox.be\/?post_type=product&#038;p=93782"},"modified":"2024-09-27T15:59:36","modified_gmt":"2024-09-27T13:59:36","slug":"gegratineerde-peer-met-vanille-copie","status":"publish","type":"product","link":"https:\/\/www.littlegreenbox.be\/nl\/produit\/gegratineerde-peer-met-vanille-copie\/","title":{"rendered":"Citroenschuimtaart"},"content":{"rendered":"<p style=\"text-align: left;\">Citroenschuimtaart<\/p>\n<p> Dessert<\/p>\n","protected":false},"excerpt":{"rendered":"<p><br data-mce-bogus=\"1\"><\/p>\n","protected":false},"featured_media":93812,"template":"","meta":{"_acf_changed":false},"product_brand":[],"product_cat":[3454],"product_tag":[3408,3409,3364],"class_list":{"0":"post-93782","1":"product","2":"type-product","3":"status-publish","4":"has-post-thumbnail","6":"product_cat-off-line-bereide-gerechten","7":"product_tag-allergene-lait-nl","8":"product_tag-allergene-oeuf-nl","9":"product_tag-plat-prepare-nl","11":"first","12":"instock","13":"taxable","14":"shipping-taxable","15":"purchasable","16":"product-type-simple"},"acf":[],"yoast_head":"<!-- This site is optimized with the Yoast SEO plugin v26.1.1 - https:\/\/yoast.com\/wordpress\/plugins\/seo\/ -->\n<title>Citroenschuimtaart - Little Green Box<\/title>\n<meta name=\"robots\" content=\"index, follow, max-snippet:-1, max-image-preview:large, max-video-preview:-1\" \/>\n<link rel=\"canonical\" href=\"https:\/\/www.littlegreenbox.be\/nl\/produit\/gegratineerde-peer-met-vanille-copie\/\" \/>\n<meta property=\"og:locale\" content=\"nl_NL\" \/>\n<meta property=\"og:type\" content=\"article\" \/>\n<meta property=\"og:title\" content=\"Citroenschuimtaart - Little Green Box\" \/>\n<meta property=\"og:url\" content=\"https:\/\/www.littlegreenbox.be\/nl\/produit\/gegratineerde-peer-met-vanille-copie\/\" \/>\n<meta property=\"og:site_name\" content=\"Little Green Box\" \/>\n<meta property=\"article:modified_time\" content=\"2024-09-27T13:59:36+00:00\" \/>\n<meta property=\"og:image\" content=\"https:\/\/www.littlegreenbox.be\/wp-content\/uploads\/2024\/08\/plat-prepare-dessert-commande.jpg\" \/>\n\t<meta property=\"og:image:width\" content=\"600\" \/>\n\t<meta property=\"og:image:height\" content=\"600\" \/>\n\t<meta property=\"og:image:type\" content=\"image\/jpeg\" \/>\n<meta name=\"twitter:card\" content=\"summary_large_image\" \/>\n<script type=\"application\/ld+json\" class=\"yoast-schema-graph\">{\"@context\":\"https:\/\/schema.org\",\"@graph\":[{\"@type\":\"WebPage\",\"@id\":\"https:\/\/www.littlegreenbox.be\/nl\/produit\/gegratineerde-peer-met-vanille-copie\/\",\"url\":\"https:\/\/www.littlegreenbox.be\/nl\/produit\/gegratineerde-peer-met-vanille-copie\/\",\"name\":\"Citroenschuimtaart - Little Green Box\",\"isPartOf\":{\"@id\":\"https:\/\/www.littlegreenbox.be\/nl\/#website\"},\"primaryImageOfPage\":{\"@id\":\"https:\/\/www.littlegreenbox.be\/nl\/produit\/gegratineerde-peer-met-vanille-copie\/#primaryimage\"},\"image\":{\"@id\":\"https:\/\/www.littlegreenbox.be\/nl\/produit\/gegratineerde-peer-met-vanille-copie\/#primaryimage\"},\"thumbnailUrl\":\"https:\/\/www.littlegreenbox.be\/wp-content\/uploads\/2024\/09\/bfd341ee56b63366a0d44e26f79f2082.jpg\",\"datePublished\":\"2024-09-27T13:55:33+00:00\",\"dateModified\":\"2024-09-27T13:59:36+00:00\",\"breadcrumb\":{\"@id\":\"https:\/\/www.littlegreenbox.be\/nl\/produit\/gegratineerde-peer-met-vanille-copie\/#breadcrumb\"},\"inLanguage\":\"nl-NL\",\"potentialAction\":[{\"@type\":\"ReadAction\",\"target\":[\"https:\/\/www.littlegreenbox.be\/nl\/produit\/gegratineerde-peer-met-vanille-copie\/\"]}]},{\"@type\":\"ImageObject\",\"inLanguage\":\"nl-NL\",\"@id\":\"https:\/\/www.littlegreenbox.be\/nl\/produit\/gegratineerde-peer-met-vanille-copie\/#primaryimage\",\"url\":\"https:\/\/www.littlegreenbox.be\/wp-content\/uploads\/2024\/09\/bfd341ee56b63366a0d44e26f79f2082.jpg\",\"contentUrl\":\"https:\/\/www.littlegreenbox.be\/wp-content\/uploads\/2024\/09\/bfd341ee56b63366a0d44e26f79f2082.jpg\",\"width\":2000,\"height\":1429},{\"@type\":\"BreadcrumbList\",\"@id\":\"https:\/\/www.littlegreenbox.be\/nl\/produit\/gegratineerde-peer-met-vanille-copie\/#breadcrumb\",\"itemListElement\":[{\"@type\":\"ListItem\",\"position\":1,\"name\":\"Accueil\",\"item\":\"https:\/\/www.littlegreenbox.be\/nl\/\"},{\"@type\":\"ListItem\",\"position\":2,\"name\":\"Producten\",\"item\":\"https:\/\/www.littlegreenbox.be\/nl\/shop\/\"},{\"@type\":\"ListItem\",\"position\":3,\"name\":\"Citroenschuimtaart\"}]},{\"@type\":\"WebSite\",\"@id\":\"https:\/\/www.littlegreenbox.be\/nl\/#website\",\"url\":\"https:\/\/www.littlegreenbox.be\/nl\/\",\"name\":\"Little Green Box\",\"description\":\"La bo\u00eete repas 100% bio, locale et z\u00e9ro d\u00e9chet !\",\"potentialAction\":[{\"@type\":\"SearchAction\",\"target\":{\"@type\":\"EntryPoint\",\"urlTemplate\":\"https:\/\/www.littlegreenbox.be\/nl\/?s={search_term_string}\"},\"query-input\":{\"@type\":\"PropertyValueSpecification\",\"valueRequired\":true,\"valueName\":\"search_term_string\"}}],\"inLanguage\":\"nl-NL\"}]}<\/script>\n<!-- \/ Yoast SEO plugin. -->","yoast_head_json":{"title":"Citroenschuimtaart - Little Green Box","robots":{"index":"index","follow":"follow","max-snippet":"max-snippet:-1","max-image-preview":"max-image-preview:large","max-video-preview":"max-video-preview:-1"},"canonical":"https:\/\/www.littlegreenbox.be\/nl\/produit\/gegratineerde-peer-met-vanille-copie\/","og_locale":"nl_NL","og_type":"article","og_title":"Citroenschuimtaart - Little Green Box","og_url":"https:\/\/www.littlegreenbox.be\/nl\/produit\/gegratineerde-peer-met-vanille-copie\/","og_site_name":"Little Green Box","article_modified_time":"2024-09-27T13:59:36+00:00","og_image":[{"width":600,"height":600,"url":"https:\/\/www.littlegreenbox.be\/wp-content\/uploads\/2024\/08\/plat-prepare-dessert-commande.jpg","type":"image\/jpeg"}],"twitter_card":"summary_large_image","schema":{"@context":"https:\/\/schema.org","@graph":[{"@type":"WebPage","@id":"https:\/\/www.littlegreenbox.be\/nl\/produit\/gegratineerde-peer-met-vanille-copie\/","url":"https:\/\/www.littlegreenbox.be\/nl\/produit\/gegratineerde-peer-met-vanille-copie\/","name":"Citroenschuimtaart - Little Green Box","isPartOf":{"@id":"https:\/\/www.littlegreenbox.be\/nl\/#website"},"primaryImageOfPage":{"@id":"https:\/\/www.littlegreenbox.be\/nl\/produit\/gegratineerde-peer-met-vanille-copie\/#primaryimage"},"image":{"@id":"https:\/\/www.littlegreenbox.be\/nl\/produit\/gegratineerde-peer-met-vanille-copie\/#primaryimage"},"thumbnailUrl":"https:\/\/www.littlegreenbox.be\/wp-content\/uploads\/2024\/09\/bfd341ee56b63366a0d44e26f79f2082.jpg","datePublished":"2024-09-27T13:55:33+00:00","dateModified":"2024-09-27T13:59:36+00:00","breadcrumb":{"@id":"https:\/\/www.littlegreenbox.be\/nl\/produit\/gegratineerde-peer-met-vanille-copie\/#breadcrumb"},"inLanguage":"nl-NL","potentialAction":[{"@type":"ReadAction","target":["https:\/\/www.littlegreenbox.be\/nl\/produit\/gegratineerde-peer-met-vanille-copie\/"]}]},{"@type":"ImageObject","inLanguage":"nl-NL","@id":"https:\/\/www.littlegreenbox.be\/nl\/produit\/gegratineerde-peer-met-vanille-copie\/#primaryimage","url":"https:\/\/www.littlegreenbox.be\/wp-content\/uploads\/2024\/09\/bfd341ee56b63366a0d44e26f79f2082.jpg","contentUrl":"https:\/\/www.littlegreenbox.be\/wp-content\/uploads\/2024\/09\/bfd341ee56b63366a0d44e26f79f2082.jpg","width":2000,"height":1429},{"@type":"BreadcrumbList","@id":"https:\/\/www.littlegreenbox.be\/nl\/produit\/gegratineerde-peer-met-vanille-copie\/#breadcrumb","itemListElement":[{"@type":"ListItem","position":1,"name":"Accueil","item":"https:\/\/www.littlegreenbox.be\/nl\/"},{"@type":"ListItem","position":2,"name":"Producten","item":"https:\/\/www.littlegreenbox.be\/nl\/shop\/"},{"@type":"ListItem","position":3,"name":"Citroenschuimtaart"}]},{"@type":"WebSite","@id":"https:\/\/www.littlegreenbox.be\/nl\/#website","url":"https:\/\/www.littlegreenbox.be\/nl\/","name":"Little Green Box","description":"La bo\u00eete repas 100% bio, locale et z\u00e9ro d\u00e9chet !","potentialAction":[{"@type":"SearchAction","target":{"@type":"EntryPoint","urlTemplate":"https:\/\/www.littlegreenbox.be\/nl\/?s={search_term_string}"},"query-input":{"@type":"PropertyValueSpecification","valueRequired":true,"valueName":"search_term_string"}}],"inLanguage":"nl-NL"}]}},"_links":{"self":[{"href":"https:\/\/www.littlegreenbox.be\/nl\/wp-json\/wp\/v2\/product\/93782","targetHints":{"allow":["GET"]}}],"collection":[{"href":"https:\/\/www.littlegreenbox.be\/nl\/wp-json\/wp\/v2\/product"}],"about":[{"href":"https:\/\/www.littlegreenbox.be\/nl\/wp-json\/wp\/v2\/types\/product"}],"wp:featuredmedia":[{"embeddable":true,"href":"https:\/\/www.littlegreenbox.be\/nl\/wp-json\/wp\/v2\/media\/93812"}],"wp:attachment":[{"href":"https:\/\/www.littlegreenbox.be\/nl\/wp-json\/wp\/v2\/media?parent=93782"}],"wp:term":[{"taxonomy":"product_brand","embeddable":true,"href":"https:\/\/www.littlegreenbox.be\/nl\/wp-json\/wp\/v2\/product_brand?post=93782"},{"taxonomy":"product_cat","embeddable":true,"href":"https:\/\/www.littlegreenbox.be\/nl\/wp-json\/wp\/v2\/product_cat?post=93782"},{"taxonomy":"product_tag","embeddable":true,"href":"https:\/\/www.littlegreenbox.be\/nl\/wp-json\/wp\/v2\/product_tag?post=93782"}],"curies":[{"name":"wp","href":"https:\/\/api.w.org\/{rel}","templated":true}]}}