{"id":92430,"date":"2023-08-03T15:54:04","date_gmt":"2023-08-03T13:54:04","guid":{"rendered":"https:\/\/www.littlegreenbox.be\/concept-box-repas-bio\/"},"modified":"2024-08-20T17:27:41","modified_gmt":"2024-08-20T15:27:41","slug":"concept-box-repas-bio","status":"publish","type":"page","link":"https:\/\/www.littlegreenbox.be\/nl\/concept-box-repas-bio\/","title":{"rendered":"Hoe werkt het ?"},"content":{"rendered":"","protected":false},"excerpt":{"rendered":"","protected":false},"author":3960,"featured_media":0,"parent":0,"menu_order":5,"comment_status":"closed","ping_status":"closed","template":"","meta":{"_acf_changed":false,"footnotes":""},"class_list":["post-92430","page","type-page","status-publish","hentry"],"acf":[],"yoast_head":"<!-- This site is optimized with the Yoast SEO plugin v26.1.1 - https:\/\/yoast.com\/wordpress\/plugins\/seo\/ -->\n<title>Hoe werkt het ? - Little Green Box<\/title>\n<meta name=\"description\" content=\"D\u00e9couvrez nos box repas bio compos\u00e9s d&#039;ingr\u00e9dients en vrac et de fiches recettes adapt\u00e9es aux familles, livr\u00e9s directement \u00e0 votre domicile, au travail ou \u00e0 r\u00e9cup\u00e9rer dans nos points de retrait !\" \/>\n<meta name=\"robots\" content=\"index, follow, max-snippet:-1, max-image-preview:large, max-video-preview:-1\" \/>\n<link rel=\"canonical\" href=\"https:\/\/www.littlegreenbox.be\/nl\/concept-box-repas-bio\/\" \/>\n<meta property=\"og:locale\" content=\"nl_NL\" \/>\n<meta property=\"og:type\" content=\"article\" \/>\n<meta property=\"og:title\" content=\"Hoe werkt het ? - Little Green Box\" \/>\n<meta property=\"og:description\" content=\"D\u00e9couvrez nos box repas bio compos\u00e9s d&#039;ingr\u00e9dients en vrac et de fiches recettes adapt\u00e9es aux familles, livr\u00e9s directement \u00e0 votre domicile, au travail ou \u00e0 r\u00e9cup\u00e9rer dans nos points de retrait !\" \/>\n<meta property=\"og:url\" content=\"https:\/\/www.littlegreenbox.be\/nl\/concept-box-repas-bio\/\" \/>\n<meta property=\"og:site_name\" content=\"Little Green Box\" \/>\n<meta property=\"article:modified_time\" content=\"2024-08-20T15:27:41+00:00\" \/>\n<meta name=\"twitter:card\" content=\"summary_large_image\" \/>\n<meta name=\"twitter:label1\" content=\"Geschatte leestijd\" \/>\n\t<meta name=\"twitter:data1\" content=\"6 minuten\" \/>\n<script type=\"application\/ld+json\" class=\"yoast-schema-graph\">{\"@context\":\"https:\/\/schema.org\",\"@graph\":[{\"@type\":\"WebPage\",\"@id\":\"https:\/\/www.littlegreenbox.be\/nl\/concept-box-repas-bio\/\",\"url\":\"https:\/\/www.littlegreenbox.be\/nl\/concept-box-repas-bio\/\",\"name\":\"Hoe werkt het ? - Little Green Box\",\"isPartOf\":{\"@id\":\"https:\/\/www.littlegreenbox.be\/nl\/#website\"},\"datePublished\":\"2023-08-03T13:54:04+00:00\",\"dateModified\":\"2024-08-20T15:27:41+00:00\",\"description\":\"D\u00e9couvrez nos box repas bio compos\u00e9s d'ingr\u00e9dients en vrac et de fiches recettes adapt\u00e9es aux familles, livr\u00e9s directement \u00e0 votre domicile, au travail ou \u00e0 r\u00e9cup\u00e9rer dans nos points de retrait !\",\"breadcrumb\":{\"@id\":\"https:\/\/www.littlegreenbox.be\/nl\/concept-box-repas-bio\/#breadcrumb\"},\"inLanguage\":\"nl-NL\",\"potentialAction\":[{\"@type\":\"ReadAction\",\"target\":[\"https:\/\/www.littlegreenbox.be\/nl\/concept-box-repas-bio\/\"]}]},{\"@type\":\"BreadcrumbList\",\"@id\":\"https:\/\/www.littlegreenbox.be\/nl\/concept-box-repas-bio\/#breadcrumb\",\"itemListElement\":[{\"@type\":\"ListItem\",\"position\":1,\"name\":\"Accueil\",\"item\":\"https:\/\/www.littlegreenbox.be\/nl\/\"},{\"@type\":\"ListItem\",\"position\":2,\"name\":\"Hoe werkt het ?\"}]},{\"@type\":\"WebSite\",\"@id\":\"https:\/\/www.littlegreenbox.be\/nl\/#website\",\"url\":\"https:\/\/www.littlegreenbox.be\/nl\/\",\"name\":\"Little Green Box\",\"description\":\"La bo\u00eete repas 100% bio, locale et z\u00e9ro d\u00e9chet !\",\"potentialAction\":[{\"@type\":\"SearchAction\",\"target\":{\"@type\":\"EntryPoint\",\"urlTemplate\":\"https:\/\/www.littlegreenbox.be\/nl\/?s={search_term_string}\"},\"query-input\":{\"@type\":\"PropertyValueSpecification\",\"valueRequired\":true,\"valueName\":\"search_term_string\"}}],\"inLanguage\":\"nl-NL\"}]}<\/script>\n<!-- \/ Yoast SEO plugin. -->","yoast_head_json":{"title":"Hoe werkt het ? - Little Green Box","description":"D\u00e9couvrez nos box repas bio compos\u00e9s d'ingr\u00e9dients en vrac et de fiches recettes adapt\u00e9es aux familles, livr\u00e9s directement \u00e0 votre domicile, au travail ou \u00e0 r\u00e9cup\u00e9rer dans nos points de retrait !","robots":{"index":"index","follow":"follow","max-snippet":"max-snippet:-1","max-image-preview":"max-image-preview:large","max-video-preview":"max-video-preview:-1"},"canonical":"https:\/\/www.littlegreenbox.be\/nl\/concept-box-repas-bio\/","og_locale":"nl_NL","og_type":"article","og_title":"Hoe werkt het ? - Little Green Box","og_description":"D\u00e9couvrez nos box repas bio compos\u00e9s d'ingr\u00e9dients en vrac et de fiches recettes adapt\u00e9es aux familles, livr\u00e9s directement \u00e0 votre domicile, au travail ou \u00e0 r\u00e9cup\u00e9rer dans nos points de retrait !","og_url":"https:\/\/www.littlegreenbox.be\/nl\/concept-box-repas-bio\/","og_site_name":"Little Green Box","article_modified_time":"2024-08-20T15:27:41+00:00","twitter_card":"summary_large_image","twitter_misc":{"Geschatte leestijd":"6 minuten"},"schema":{"@context":"https:\/\/schema.org","@graph":[{"@type":"WebPage","@id":"https:\/\/www.littlegreenbox.be\/nl\/concept-box-repas-bio\/","url":"https:\/\/www.littlegreenbox.be\/nl\/concept-box-repas-bio\/","name":"Hoe werkt het ? - Little Green Box","isPartOf":{"@id":"https:\/\/www.littlegreenbox.be\/nl\/#website"},"datePublished":"2023-08-03T13:54:04+00:00","dateModified":"2024-08-20T15:27:41+00:00","description":"D\u00e9couvrez nos box repas bio compos\u00e9s d'ingr\u00e9dients en vrac et de fiches recettes adapt\u00e9es aux familles, livr\u00e9s directement \u00e0 votre domicile, au travail ou \u00e0 r\u00e9cup\u00e9rer dans nos points de retrait !","breadcrumb":{"@id":"https:\/\/www.littlegreenbox.be\/nl\/concept-box-repas-bio\/#breadcrumb"},"inLanguage":"nl-NL","potentialAction":[{"@type":"ReadAction","target":["https:\/\/www.littlegreenbox.be\/nl\/concept-box-repas-bio\/"]}]},{"@type":"BreadcrumbList","@id":"https:\/\/www.littlegreenbox.be\/nl\/concept-box-repas-bio\/#breadcrumb","itemListElement":[{"@type":"ListItem","position":1,"name":"Accueil","item":"https:\/\/www.littlegreenbox.be\/nl\/"},{"@type":"ListItem","position":2,"name":"Hoe werkt het ?"}]},{"@type":"WebSite","@id":"https:\/\/www.littlegreenbox.be\/nl\/#website","url":"https:\/\/www.littlegreenbox.be\/nl\/","name":"Little Green Box","description":"La bo\u00eete repas 100% bio, locale et z\u00e9ro d\u00e9chet !","potentialAction":[{"@type":"SearchAction","target":{"@type":"EntryPoint","urlTemplate":"https:\/\/www.littlegreenbox.be\/nl\/?s={search_term_string}"},"query-input":{"@type":"PropertyValueSpecification","valueRequired":true,"valueName":"search_term_string"}}],"inLanguage":"nl-NL"}]}},"_links":{"self":[{"href":"https:\/\/www.littlegreenbox.be\/nl\/wp-json\/wp\/v2\/pages\/92430","targetHints":{"allow":["GET"]}}],"collection":[{"href":"https:\/\/www.littlegreenbox.be\/nl\/wp-json\/wp\/v2\/pages"}],"about":[{"href":"https:\/\/www.littlegreenbox.be\/nl\/wp-json\/wp\/v2\/types\/page"}],"author":[{"embeddable":true,"href":"https:\/\/www.littlegreenbox.be\/nl\/wp-json\/wp\/v2\/users\/3960"}],"replies":[{"embeddable":true,"href":"https:\/\/www.littlegreenbox.be\/nl\/wp-json\/wp\/v2\/comments?post=92430"}],"version-history":[{"count":2,"href":"https:\/\/www.littlegreenbox.be\/nl\/wp-json\/wp\/v2\/pages\/92430\/revisions"}],"predecessor-version":[{"id":92432,"href":"https:\/\/www.littlegreenbox.be\/nl\/wp-json\/wp\/v2\/pages\/92430\/revisions\/92432"}],"wp:attachment":[{"href":"https:\/\/www.littlegreenbox.be\/nl\/wp-json\/wp\/v2\/media?parent=92430"}],"curies":[{"name":"wp","href":"https:\/\/api.w.org\/{rel}","templated":true}]}}