{"id":90959,"date":"2023-08-22T11:48:11","date_gmt":"2023-08-22T09:48:11","guid":{"rendered":"https:\/\/oxygen.littlegreenbox.fr\/?page_id=90959"},"modified":"2023-11-29T17:08:59","modified_gmt":"2023-11-29T16:08:59","slug":"vacatures","status":"publish","type":"page","link":"https:\/\/www.littlegreenbox.be\/nl\/vacatures\/","title":{"rendered":"Vacatures"},"content":{"rendered":"","protected":false},"excerpt":{"rendered":"","protected":false},"author":3960,"featured_media":0,"parent":0,"menu_order":14,"comment_status":"closed","ping_status":"closed","template":"","meta":{"_acf_changed":false,"footnotes":""},"class_list":["post-90959","page","type-page","status-publish","hentry"],"acf":[],"yoast_head":"<!-- This site is optimized with the Yoast SEO plugin v26.1.1 - https:\/\/yoast.com\/wordpress\/plugins\/seo\/ -->\n<title>Vacatures - Little Green Box<\/title>\n<meta name=\"robots\" content=\"index, follow, max-snippet:-1, max-image-preview:large, max-video-preview:-1\" \/>\n<link rel=\"canonical\" href=\"https:\/\/www.littlegreenbox.be\/nl\/vacatures\/\" \/>\n<meta property=\"og:locale\" content=\"nl_NL\" \/>\n<meta property=\"og:type\" content=\"article\" \/>\n<meta property=\"og:title\" content=\"Vacatures - Little Green Box\" \/>\n<meta property=\"og:url\" content=\"https:\/\/www.littlegreenbox.be\/nl\/vacatures\/\" \/>\n<meta property=\"og:site_name\" content=\"Little Green Box\" \/>\n<meta property=\"article:modified_time\" content=\"2023-11-29T16:08:59+00:00\" \/>\n<meta name=\"twitter:card\" content=\"summary_large_image\" \/>\n<script type=\"application\/ld+json\" class=\"yoast-schema-graph\">{\"@context\":\"https:\/\/schema.org\",\"@graph\":[{\"@type\":\"WebPage\",\"@id\":\"https:\/\/www.littlegreenbox.be\/nl\/vacatures\/\",\"url\":\"https:\/\/www.littlegreenbox.be\/nl\/vacatures\/\",\"name\":\"Vacatures - Little Green Box\",\"isPartOf\":{\"@id\":\"https:\/\/www.littlegreenbox.be\/nl\/#website\"},\"datePublished\":\"2023-08-22T09:48:11+00:00\",\"dateModified\":\"2023-11-29T16:08:59+00:00\",\"breadcrumb\":{\"@id\":\"https:\/\/www.littlegreenbox.be\/nl\/vacatures\/#breadcrumb\"},\"inLanguage\":\"nl-NL\",\"potentialAction\":[{\"@type\":\"ReadAction\",\"target\":[\"https:\/\/www.littlegreenbox.be\/nl\/vacatures\/\"]}]},{\"@type\":\"BreadcrumbList\",\"@id\":\"https:\/\/www.littlegreenbox.be\/nl\/vacatures\/#breadcrumb\",\"itemListElement\":[{\"@type\":\"ListItem\",\"position\":1,\"name\":\"Accueil\",\"item\":\"https:\/\/www.littlegreenbox.be\/nl\/\"},{\"@type\":\"ListItem\",\"position\":2,\"name\":\"Vacatures\"}]},{\"@type\":\"WebSite\",\"@id\":\"https:\/\/www.littlegreenbox.be\/nl\/#website\",\"url\":\"https:\/\/www.littlegreenbox.be\/nl\/\",\"name\":\"Little Green Box\",\"description\":\"La bo\u00eete repas 100% bio, locale et z\u00e9ro d\u00e9chet !\",\"potentialAction\":[{\"@type\":\"SearchAction\",\"target\":{\"@type\":\"EntryPoint\",\"urlTemplate\":\"https:\/\/www.littlegreenbox.be\/nl\/?s={search_term_string}\"},\"query-input\":{\"@type\":\"PropertyValueSpecification\",\"valueRequired\":true,\"valueName\":\"search_term_string\"}}],\"inLanguage\":\"nl-NL\"}]}<\/script>\n<!-- \/ Yoast SEO plugin. -->","yoast_head_json":{"title":"Vacatures - Little Green Box","robots":{"index":"index","follow":"follow","max-snippet":"max-snippet:-1","max-image-preview":"max-image-preview:large","max-video-preview":"max-video-preview:-1"},"canonical":"https:\/\/www.littlegreenbox.be\/nl\/vacatures\/","og_locale":"nl_NL","og_type":"article","og_title":"Vacatures - Little Green Box","og_url":"https:\/\/www.littlegreenbox.be\/nl\/vacatures\/","og_site_name":"Little Green Box","article_modified_time":"2023-11-29T16:08:59+00:00","twitter_card":"summary_large_image","schema":{"@context":"https:\/\/schema.org","@graph":[{"@type":"WebPage","@id":"https:\/\/www.littlegreenbox.be\/nl\/vacatures\/","url":"https:\/\/www.littlegreenbox.be\/nl\/vacatures\/","name":"Vacatures - Little Green Box","isPartOf":{"@id":"https:\/\/www.littlegreenbox.be\/nl\/#website"},"datePublished":"2023-08-22T09:48:11+00:00","dateModified":"2023-11-29T16:08:59+00:00","breadcrumb":{"@id":"https:\/\/www.littlegreenbox.be\/nl\/vacatures\/#breadcrumb"},"inLanguage":"nl-NL","potentialAction":[{"@type":"ReadAction","target":["https:\/\/www.littlegreenbox.be\/nl\/vacatures\/"]}]},{"@type":"BreadcrumbList","@id":"https:\/\/www.littlegreenbox.be\/nl\/vacatures\/#breadcrumb","itemListElement":[{"@type":"ListItem","position":1,"name":"Accueil","item":"https:\/\/www.littlegreenbox.be\/nl\/"},{"@type":"ListItem","position":2,"name":"Vacatures"}]},{"@type":"WebSite","@id":"https:\/\/www.littlegreenbox.be\/nl\/#website","url":"https:\/\/www.littlegreenbox.be\/nl\/","name":"Little Green Box","description":"La bo\u00eete repas 100% bio, locale et z\u00e9ro d\u00e9chet !","potentialAction":[{"@type":"SearchAction","target":{"@type":"EntryPoint","urlTemplate":"https:\/\/www.littlegreenbox.be\/nl\/?s={search_term_string}"},"query-input":{"@type":"PropertyValueSpecification","valueRequired":true,"valueName":"search_term_string"}}],"inLanguage":"nl-NL"}]}},"_links":{"self":[{"href":"https:\/\/www.littlegreenbox.be\/nl\/wp-json\/wp\/v2\/pages\/90959","targetHints":{"allow":["GET"]}}],"collection":[{"href":"https:\/\/www.littlegreenbox.be\/nl\/wp-json\/wp\/v2\/pages"}],"about":[{"href":"https:\/\/www.littlegreenbox.be\/nl\/wp-json\/wp\/v2\/types\/page"}],"author":[{"embeddable":true,"href":"https:\/\/www.littlegreenbox.be\/nl\/wp-json\/wp\/v2\/users\/3960"}],"replies":[{"embeddable":true,"href":"https:\/\/www.littlegreenbox.be\/nl\/wp-json\/wp\/v2\/comments?post=90959"}],"version-history":[{"count":2,"href":"https:\/\/www.littlegreenbox.be\/nl\/wp-json\/wp\/v2\/pages\/90959\/revisions"}],"predecessor-version":[{"id":90980,"href":"https:\/\/www.littlegreenbox.be\/nl\/wp-json\/wp\/v2\/pages\/90959\/revisions\/90980"}],"wp:attachment":[{"href":"https:\/\/www.littlegreenbox.be\/nl\/wp-json\/wp\/v2\/media?parent=90959"}],"curies":[{"name":"wp","href":"https:\/\/api.w.org\/{rel}","templated":true}]}}