{"id":90543,"date":"2023-08-02T17:06:17","date_gmt":"2023-08-02T15:06:17","guid":{"rendered":"https:\/\/oxygen.littlegreenbox.fr\/winkelkarretje\/"},"modified":"2024-02-13T12:46:33","modified_gmt":"2024-02-13T11:46:33","slug":"mijn-mand","status":"publish","type":"page","link":"https:\/\/www.littlegreenbox.be\/nl\/mijn-mand\/","title":{"rendered":"Mijn mand"},"content":{"rendered":"\n","protected":false},"excerpt":{"rendered":"","protected":false},"author":1,"featured_media":0,"parent":0,"menu_order":17,"comment_status":"closed","ping_status":"closed","template":"","meta":{"_acf_changed":false,"footnotes":""},"class_list":["post-90543","page","type-page","status-publish","hentry"],"acf":[],"yoast_head":"<!-- This site is optimized with the Yoast SEO plugin v26.1.1 - https:\/\/yoast.com\/wordpress\/plugins\/seo\/ -->\n<title>Mijn mand - Little Green Box<\/title>\n<meta name=\"robots\" content=\"index, follow, max-snippet:-1, max-image-preview:large, max-video-preview:-1\" \/>\n<link rel=\"canonical\" href=\"https:\/\/www.littlegreenbox.be\/nl\/mijn-mand\/\" \/>\n<meta property=\"og:locale\" content=\"nl_NL\" \/>\n<meta property=\"og:type\" content=\"article\" \/>\n<meta property=\"og:title\" content=\"Mijn mand - Little Green Box\" \/>\n<meta property=\"og:url\" content=\"https:\/\/www.littlegreenbox.be\/nl\/mijn-mand\/\" \/>\n<meta property=\"og:site_name\" content=\"Little Green Box\" \/>\n<meta property=\"article:modified_time\" content=\"2024-02-13T11:46:33+00:00\" \/>\n<meta name=\"twitter:card\" content=\"summary_large_image\" \/>\n<meta name=\"twitter:label1\" content=\"Geschatte leestijd\" \/>\n\t<meta name=\"twitter:data1\" content=\"1 minuut\" \/>\n<script type=\"application\/ld+json\" class=\"yoast-schema-graph\">{\"@context\":\"https:\/\/schema.org\",\"@graph\":[{\"@type\":\"WebPage\",\"@id\":\"https:\/\/www.littlegreenbox.be\/nl\/mijn-mand\/\",\"url\":\"https:\/\/www.littlegreenbox.be\/nl\/mijn-mand\/\",\"name\":\"Mijn mand - Little Green Box\",\"isPartOf\":{\"@id\":\"https:\/\/www.littlegreenbox.be\/nl\/#website\"},\"datePublished\":\"2023-08-02T15:06:17+00:00\",\"dateModified\":\"2024-02-13T11:46:33+00:00\",\"breadcrumb\":{\"@id\":\"https:\/\/www.littlegreenbox.be\/nl\/mijn-mand\/#breadcrumb\"},\"inLanguage\":\"nl-NL\",\"potentialAction\":[{\"@type\":\"ReadAction\",\"target\":[\"https:\/\/www.littlegreenbox.be\/nl\/mijn-mand\/\"]}]},{\"@type\":\"BreadcrumbList\",\"@id\":\"https:\/\/www.littlegreenbox.be\/nl\/mijn-mand\/#breadcrumb\",\"itemListElement\":[{\"@type\":\"ListItem\",\"position\":1,\"name\":\"Accueil\",\"item\":\"https:\/\/www.littlegreenbox.be\/nl\/\"},{\"@type\":\"ListItem\",\"position\":2,\"name\":\"Mijn mand\"}]},{\"@type\":\"WebSite\",\"@id\":\"https:\/\/www.littlegreenbox.be\/nl\/#website\",\"url\":\"https:\/\/www.littlegreenbox.be\/nl\/\",\"name\":\"Little Green Box\",\"description\":\"La bo\u00eete repas 100% bio, locale et z\u00e9ro d\u00e9chet !\",\"potentialAction\":[{\"@type\":\"SearchAction\",\"target\":{\"@type\":\"EntryPoint\",\"urlTemplate\":\"https:\/\/www.littlegreenbox.be\/nl\/?s={search_term_string}\"},\"query-input\":{\"@type\":\"PropertyValueSpecification\",\"valueRequired\":true,\"valueName\":\"search_term_string\"}}],\"inLanguage\":\"nl-NL\"}]}<\/script>\n<!-- \/ Yoast SEO plugin. -->","yoast_head_json":{"title":"Mijn mand - Little Green Box","robots":{"index":"index","follow":"follow","max-snippet":"max-snippet:-1","max-image-preview":"max-image-preview:large","max-video-preview":"max-video-preview:-1"},"canonical":"https:\/\/www.littlegreenbox.be\/nl\/mijn-mand\/","og_locale":"nl_NL","og_type":"article","og_title":"Mijn mand - Little Green Box","og_url":"https:\/\/www.littlegreenbox.be\/nl\/mijn-mand\/","og_site_name":"Little Green Box","article_modified_time":"2024-02-13T11:46:33+00:00","twitter_card":"summary_large_image","twitter_misc":{"Geschatte leestijd":"1 minuut"},"schema":{"@context":"https:\/\/schema.org","@graph":[{"@type":"WebPage","@id":"https:\/\/www.littlegreenbox.be\/nl\/mijn-mand\/","url":"https:\/\/www.littlegreenbox.be\/nl\/mijn-mand\/","name":"Mijn mand - Little Green Box","isPartOf":{"@id":"https:\/\/www.littlegreenbox.be\/nl\/#website"},"datePublished":"2023-08-02T15:06:17+00:00","dateModified":"2024-02-13T11:46:33+00:00","breadcrumb":{"@id":"https:\/\/www.littlegreenbox.be\/nl\/mijn-mand\/#breadcrumb"},"inLanguage":"nl-NL","potentialAction":[{"@type":"ReadAction","target":["https:\/\/www.littlegreenbox.be\/nl\/mijn-mand\/"]}]},{"@type":"BreadcrumbList","@id":"https:\/\/www.littlegreenbox.be\/nl\/mijn-mand\/#breadcrumb","itemListElement":[{"@type":"ListItem","position":1,"name":"Accueil","item":"https:\/\/www.littlegreenbox.be\/nl\/"},{"@type":"ListItem","position":2,"name":"Mijn mand"}]},{"@type":"WebSite","@id":"https:\/\/www.littlegreenbox.be\/nl\/#website","url":"https:\/\/www.littlegreenbox.be\/nl\/","name":"Little Green Box","description":"La bo\u00eete repas 100% bio, locale et z\u00e9ro d\u00e9chet !","potentialAction":[{"@type":"SearchAction","target":{"@type":"EntryPoint","urlTemplate":"https:\/\/www.littlegreenbox.be\/nl\/?s={search_term_string}"},"query-input":{"@type":"PropertyValueSpecification","valueRequired":true,"valueName":"search_term_string"}}],"inLanguage":"nl-NL"}]}},"_links":{"self":[{"href":"https:\/\/www.littlegreenbox.be\/nl\/wp-json\/wp\/v2\/pages\/90543","targetHints":{"allow":["GET"]}}],"collection":[{"href":"https:\/\/www.littlegreenbox.be\/nl\/wp-json\/wp\/v2\/pages"}],"about":[{"href":"https:\/\/www.littlegreenbox.be\/nl\/wp-json\/wp\/v2\/types\/page"}],"author":[{"embeddable":true,"href":"https:\/\/www.littlegreenbox.be\/nl\/wp-json\/wp\/v2\/users\/1"}],"replies":[{"embeddable":true,"href":"https:\/\/www.littlegreenbox.be\/nl\/wp-json\/wp\/v2\/comments?post=90543"}],"version-history":[{"count":2,"href":"https:\/\/www.littlegreenbox.be\/nl\/wp-json\/wp\/v2\/pages\/90543\/revisions"}],"predecessor-version":[{"id":91020,"href":"https:\/\/www.littlegreenbox.be\/nl\/wp-json\/wp\/v2\/pages\/90543\/revisions\/91020"}],"wp:attachment":[{"href":"https:\/\/www.littlegreenbox.be\/nl\/wp-json\/wp\/v2\/media?parent=90543"}],"curies":[{"name":"wp","href":"https:\/\/api.w.org\/{rel}","templated":true}]}}